{"id":841,"date":"2024-03-14T18:05:44","date_gmt":"2024-03-14T17:05:44","guid":{"rendered":"https:\/\/canromagueras.com\/pagina-dexemple\/"},"modified":"2024-06-06T15:57:48","modified_gmt":"2024-06-06T13:57:48","slug":"pagina-dexemple","status":"publish","type":"page","link":"https:\/\/canromagueras.com\/ca\/pagina-dexemple\/","title":{"rendered":"P\u00e0gina d&#8217;exemple"},"content":{"rendered":"\n<p>Aquesta \u00e9s una p\u00e0gina d&#8217;exemple. \u00c9s diferent a una entrada del bloc perqu\u00e8 romandr\u00e0 en un sol lloc i apareixer\u00e0 a la navegaci\u00f3 del teu lloc (en la majoria dels temes). La majoria de persones comencen amb una p\u00e0gina \u00abSobre\u00bb que presenta als visitants potencials del lloc. Podries dir una cosa aix\u00ed:<\/p>\n\n<blockquote class=\"wp-block-quote is-layout-flow wp-block-quote-is-layout-flow\"><p>Hola! S\u00f3c cambrer de dia, aspirant a actor de nit i aquesta \u00e9s la meva web. Visc a Mairena de l&#8217;Alcor, tinc un gos que es diu Firulais i m&#8217;agrada el rebujito. (I les tardes llargues amb caf\u00e8).<\/p><\/blockquote>\n\n<p>\u2026o una cosa aix\u00ed:<\/p>\n\n<blockquote class=\"wp-block-quote is-layout-flow wp-block-quote-is-layout-flow\"><p>L&#8217;empresa \u00abMariscos Recio\u00bb va ser fundada per Antonio Recio Mata. Va comen\u00e7ar sent una petita empresa que subministrava marisc a hotels i restaurants, per\u00f2 de mica en mica s&#8217;ha anat transformant en un gran imperi. Mariscos Recio, el mar al millor preu.<\/p><\/blockquote>\n\n<p>Com a nou usuari de WordPress, haur\u00edeu d&#8217;anar al <a href=\"https:\/\/canromagueras.com\/wp-admin\/\">vostre escriptori<\/a> per esborrar aquesta p\u00e0gina i crear noves p\u00e0gines per al vostre contingut. Passa-ho b\u00e9!<\/p>\n","protected":false},"excerpt":{"rendered":"<p>Aquesta \u00e9s una p\u00e0gina d&#8217;exemple. \u00c9s diferent a una entrada del bloc perqu\u00e8 romandr\u00e0 en un sol lloc i apareixer\u00e0 [&hellip;]<\/p>\n","protected":false},"author":1,"featured_media":0,"parent":0,"menu_order":0,"comment_status":"closed","ping_status":"open","template":"","meta":{"site-sidebar-layout":"default","site-content-layout":"","ast-site-content-layout":"default","site-content-style":"default","site-sidebar-style":"default","ast-global-header-display":"","ast-banner-title-visibility":"","ast-main-header-display":"","ast-hfb-above-header-display":"","ast-hfb-below-header-display":"","ast-hfb-mobile-header-display":"","site-post-title":"","ast-breadcrumbs-content":"","ast-featured-img":"","footer-sml-layout":"","ast-disable-related-posts":"","theme-transparent-header-meta":"","adv-header-id-meta":"","stick-header-meta":"","header-above-stick-meta":"","header-main-stick-meta":"","header-below-stick-meta":"","astra-migrate-meta-layouts":"default","ast-page-background-enabled":"default","ast-page-background-meta":{"desktop":{"background-color":"var(--ast-global-color-4)","background-image":"","background-repeat":"repeat","background-position":"center center","background-size":"auto","background-attachment":"scroll","background-type":"","background-media":"","overlay-type":"","overlay-color":"","overlay-opacity":"","overlay-gradient":""},"tablet":{"background-color":"","background-image":"","background-repeat":"repeat","background-position":"center center","background-size":"auto","background-attachment":"scroll","background-type":"","background-media":"","overlay-type":"","overlay-color":"","overlay-opacity":"","overlay-gradient":""},"mobile":{"background-color":"","background-image":"","background-repeat":"repeat","background-position":"center center","background-size":"auto","background-attachment":"scroll","background-type":"","background-media":"","overlay-type":"","overlay-color":"","overlay-opacity":"","overlay-gradient":""}},"ast-content-background-meta":{"desktop":{"background-color":"var(--ast-global-color-5)","background-image":"","background-repeat":"repeat","background-position":"center center","background-size":"auto","background-attachment":"scroll","background-type":"","background-media":"","overlay-type":"","overlay-color":"","overlay-opacity":"","overlay-gradient":""},"tablet":{"background-color":"var(--ast-global-color-5)","background-image":"","background-repeat":"repeat","background-position":"center center","background-size":"auto","background-attachment":"scroll","background-type":"","background-media":"","overlay-type":"","overlay-color":"","overlay-opacity":"","overlay-gradient":""},"mobile":{"background-color":"var(--ast-global-color-5)","background-image":"","background-repeat":"repeat","background-position":"center center","background-size":"auto","background-attachment":"scroll","background-type":"","background-media":"","overlay-type":"","overlay-color":"","overlay-opacity":"","overlay-gradient":""}},"_joinchat":[],"footnotes":""},"class_list":["post-841","page","type-page","status-publish","hentry"],"yoast_head":"<!-- This site is optimized with the Yoast SEO Premium plugin v25.8 (Yoast SEO v25.8) - https:\/\/yoast.com\/wordpress\/plugins\/seo\/ -->\n<title>P\u00e0gina d&#039;exemple - Can Romagueras<\/title>\n<meta name=\"description\" content=\"Aquesta \u00e9s una p\u00e0gina d&#039;exemple. \u00c9s diferent a una entrada del bloc perqu\u00e8 romandr\u00e0 en un sol lloc i apareixer\u00e0 a la navegaci\u00f3 del teu lloc (en la majoria\" \/>\n<meta name=\"robots\" content=\"index, follow, max-snippet:-1, max-image-preview:large, max-video-preview:-1\" \/>\n<link rel=\"canonical\" href=\"https:\/\/canromagueras.com\/pagina-ejemplo\/\" \/>\n<meta property=\"og:locale\" content=\"ca_ES\" \/>\n<meta property=\"og:type\" content=\"article\" \/>\n<meta property=\"og:title\" content=\"P\u00e0gina d&#039;exemple Can Romagueras %\" \/>\n<meta property=\"og:description\" content=\"Aquesta \u00e9s una p\u00e0gina d&#039;exemple. \u00c9s diferent a una entrada del bloc perqu\u00e8 romandr\u00e0 en un sol lloc i apareixer\u00e0 a la navegaci\u00f3 del teu lloc (en la majoria\" \/>\n<meta property=\"og:url\" content=\"https:\/\/canromagueras.com\/pagina-ejemplo\/\" \/>\n<meta property=\"og:site_name\" content=\"Can Romagueras\" \/>\n<meta property=\"article:modified_time\" content=\"2024-06-06T13:57:48+00:00\" \/>\n<meta property=\"og:image\" content=\"https:\/\/canromagueras.com\/wp-content\/uploads\/2024\/05\/Mas_Romagueres_73.jpg\" \/>\n\t<meta property=\"og:image:width\" content=\"1500\" \/>\n\t<meta property=\"og:image:height\" content=\"1000\" \/>\n\t<meta property=\"og:image:type\" content=\"image\/jpeg\" \/>\n<meta name=\"twitter:card\" content=\"summary_large_image\" \/>\n<meta name=\"twitter:label1\" content=\"Temps estimat de lectura\" \/>\n\t<meta name=\"twitter:data1\" content=\"1 minut\" \/>\n<script type=\"application\/ld+json\" class=\"yoast-schema-graph\">{\"@context\":\"https:\/\/schema.org\",\"@graph\":[{\"@type\":\"WebPage\",\"@id\":\"https:\/\/canromagueras.com\/pagina-ejemplo\/\",\"url\":\"https:\/\/canromagueras.com\/pagina-ejemplo\/\",\"name\":\"P\u00e0gina d'exemple - Can Romagueras\",\"isPartOf\":{\"@id\":\"https:\/\/canromagueras.com\/#website\"},\"datePublished\":\"2024-03-14T17:05:44+00:00\",\"dateModified\":\"2024-06-06T13:57:48+00:00\",\"description\":\"Aquesta \u00e9s una p\u00e0gina d'exemple. \u00c9s diferent a una entrada del bloc perqu\u00e8 romandr\u00e0 en un sol lloc i apareixer\u00e0 a la navegaci\u00f3 del teu lloc (en la majoria\",\"breadcrumb\":{\"@id\":\"https:\/\/canromagueras.com\/pagina-ejemplo\/#breadcrumb\"},\"inLanguage\":\"ca\",\"potentialAction\":[{\"@type\":\"ReadAction\",\"target\":[\"https:\/\/canromagueras.com\/pagina-ejemplo\/\"]}]},{\"@type\":\"BreadcrumbList\",\"@id\":\"https:\/\/canromagueras.com\/pagina-ejemplo\/#breadcrumb\",\"itemListElement\":[{\"@type\":\"ListItem\",\"position\":1,\"name\":\"Portada\",\"item\":\"https:\/\/canromagueras.com\/\"},{\"@type\":\"ListItem\",\"position\":2,\"name\":\"P\u00e0gina d&#8217;exemple\"}]},{\"@type\":\"WebSite\",\"@id\":\"https:\/\/canromagueras.com\/#website\",\"url\":\"https:\/\/canromagueras.com\/\",\"name\":\"Can Romagueras\",\"description\":\"Acogedor alojamiento rural situado en La Cellera de Ter\",\"publisher\":{\"@id\":\"https:\/\/canromagueras.com\/#organization\"},\"potentialAction\":[{\"@type\":\"SearchAction\",\"target\":{\"@type\":\"EntryPoint\",\"urlTemplate\":\"https:\/\/canromagueras.com\/?s={search_term_string}\"},\"query-input\":{\"@type\":\"PropertyValueSpecification\",\"valueRequired\":true,\"valueName\":\"search_term_string\"}}],\"inLanguage\":\"ca\"},{\"@type\":\"Organization\",\"@id\":\"https:\/\/canromagueras.com\/#organization\",\"name\":\"Can Romagueras\",\"url\":\"https:\/\/canromagueras.com\/\",\"logo\":{\"@type\":\"ImageObject\",\"inLanguage\":\"ca\",\"@id\":\"https:\/\/canromagueras.com\/#\/schema\/logo\/image\/\",\"url\":\"https:\/\/canromagueras.com\/wp-content\/uploads\/2024\/05\/l1.png\",\"contentUrl\":\"https:\/\/canromagueras.com\/wp-content\/uploads\/2024\/05\/l1.png\",\"width\":470,\"height\":208,\"caption\":\"Can Romagueras\"},\"image\":{\"@id\":\"https:\/\/canromagueras.com\/#\/schema\/logo\/image\/\"}}]}<\/script>\n<!-- \/ Yoast SEO Premium plugin. -->","yoast_head_json":{"title":"P\u00e0gina d'exemple - Can Romagueras","description":"Aquesta \u00e9s una p\u00e0gina d'exemple. \u00c9s diferent a una entrada del bloc perqu\u00e8 romandr\u00e0 en un sol lloc i apareixer\u00e0 a la navegaci\u00f3 del teu lloc (en la majoria","robots":{"index":"index","follow":"follow","max-snippet":"max-snippet:-1","max-image-preview":"max-image-preview:large","max-video-preview":"max-video-preview:-1"},"canonical":"https:\/\/canromagueras.com\/pagina-ejemplo\/","og_locale":"ca_ES","og_type":"article","og_title":"P\u00e0gina d'exemple Can Romagueras %","og_description":"Aquesta \u00e9s una p\u00e0gina d'exemple. \u00c9s diferent a una entrada del bloc perqu\u00e8 romandr\u00e0 en un sol lloc i apareixer\u00e0 a la navegaci\u00f3 del teu lloc (en la majoria","og_url":"https:\/\/canromagueras.com\/pagina-ejemplo\/","og_site_name":"Can Romagueras","article_modified_time":"2024-06-06T13:57:48+00:00","og_image":[{"width":1500,"height":1000,"url":"https:\/\/canromagueras.com\/wp-content\/uploads\/2024\/05\/Mas_Romagueres_73.jpg","type":"image\/jpeg"}],"twitter_card":"summary_large_image","twitter_misc":{"Temps estimat de lectura":"1 minut"},"schema":{"@context":"https:\/\/schema.org","@graph":[{"@type":"WebPage","@id":"https:\/\/canromagueras.com\/pagina-ejemplo\/","url":"https:\/\/canromagueras.com\/pagina-ejemplo\/","name":"P\u00e0gina d'exemple - Can Romagueras","isPartOf":{"@id":"https:\/\/canromagueras.com\/#website"},"datePublished":"2024-03-14T17:05:44+00:00","dateModified":"2024-06-06T13:57:48+00:00","description":"Aquesta \u00e9s una p\u00e0gina d'exemple. \u00c9s diferent a una entrada del bloc perqu\u00e8 romandr\u00e0 en un sol lloc i apareixer\u00e0 a la navegaci\u00f3 del teu lloc (en la majoria","breadcrumb":{"@id":"https:\/\/canromagueras.com\/pagina-ejemplo\/#breadcrumb"},"inLanguage":"ca","potentialAction":[{"@type":"ReadAction","target":["https:\/\/canromagueras.com\/pagina-ejemplo\/"]}]},{"@type":"BreadcrumbList","@id":"https:\/\/canromagueras.com\/pagina-ejemplo\/#breadcrumb","itemListElement":[{"@type":"ListItem","position":1,"name":"Portada","item":"https:\/\/canromagueras.com\/"},{"@type":"ListItem","position":2,"name":"P\u00e0gina d&#8217;exemple"}]},{"@type":"WebSite","@id":"https:\/\/canromagueras.com\/#website","url":"https:\/\/canromagueras.com\/","name":"Can Romagueras","description":"Acogedor alojamiento rural situado en La Cellera de Ter","publisher":{"@id":"https:\/\/canromagueras.com\/#organization"},"potentialAction":[{"@type":"SearchAction","target":{"@type":"EntryPoint","urlTemplate":"https:\/\/canromagueras.com\/?s={search_term_string}"},"query-input":{"@type":"PropertyValueSpecification","valueRequired":true,"valueName":"search_term_string"}}],"inLanguage":"ca"},{"@type":"Organization","@id":"https:\/\/canromagueras.com\/#organization","name":"Can Romagueras","url":"https:\/\/canromagueras.com\/","logo":{"@type":"ImageObject","inLanguage":"ca","@id":"https:\/\/canromagueras.com\/#\/schema\/logo\/image\/","url":"https:\/\/canromagueras.com\/wp-content\/uploads\/2024\/05\/l1.png","contentUrl":"https:\/\/canromagueras.com\/wp-content\/uploads\/2024\/05\/l1.png","width":470,"height":208,"caption":"Can Romagueras"},"image":{"@id":"https:\/\/canromagueras.com\/#\/schema\/logo\/image\/"}}]}},"_links":{"self":[{"href":"https:\/\/canromagueras.com\/ca\/wp-json\/wp\/v2\/pages\/841","targetHints":{"allow":["GET"]}}],"collection":[{"href":"https:\/\/canromagueras.com\/ca\/wp-json\/wp\/v2\/pages"}],"about":[{"href":"https:\/\/canromagueras.com\/ca\/wp-json\/wp\/v2\/types\/page"}],"author":[{"embeddable":true,"href":"https:\/\/canromagueras.com\/ca\/wp-json\/wp\/v2\/users\/1"}],"replies":[{"embeddable":true,"href":"https:\/\/canromagueras.com\/ca\/wp-json\/wp\/v2\/comments?post=841"}],"version-history":[{"count":0,"href":"https:\/\/canromagueras.com\/ca\/wp-json\/wp\/v2\/pages\/841\/revisions"}],"wp:attachment":[{"href":"https:\/\/canromagueras.com\/ca\/wp-json\/wp\/v2\/media?parent=841"}],"curies":[{"name":"wp","href":"https:\/\/api.w.org\/{rel}","templated":true}]}}